{"id":31,"date":"2025-11-04T10:17:08","date_gmt":"2025-11-04T10:17:08","guid":{"rendered":"https:\/\/gamcaravaning.com\/?page_id=31"},"modified":"2026-03-06T10:04:24","modified_gmt":"2026-03-06T10:04:24","slug":"inicio","status":"publish","type":"page","link":"https:\/\/gamcaravaning.com\/","title":{"rendered":""},"content":{"rendered":"\t\t<div data-elementor-type=\"wp-page\" data-elementor-id=\"31\" class=\"elementor elementor-31\" data-elementor-settings=\"{&quot;ha_cmc_init_switcher&quot;:&quot;no&quot;}\" data-elementor-post-type=\"page\">\n\t\t\t\t<div class=\"elementor-element elementor-element-6cffb91 e-flex e-con-boxed e-con e-parent\" data-id=\"6cffb91\" data-element_type=\"container\" data-e-type=\"container\" data-settings=\"{&quot;_ha_eqh_enable&quot;:false}\">\n\t\t\t\t\t<div class=\"e-con-inner\">\n\t\t\t\t<div class=\"elementor-element elementor-element-30edb9a elementor-widget elementor-widget-html\" data-id=\"30edb9a\" data-element_type=\"widget\" data-e-type=\"widget\" data-widget_type=\"html.default\">\n\t\t\t\t\t<!DOCTYPE html>\n<html lang=\"es\">\n<head>\n  <meta charset=\"UTF-8\" \/>\n  <meta name=\"viewport\" content=\"width=device-width, initial-scale=1.0\" \/>\n  <title>Gam Caravaning \u2013 Taller de Autocaravanas en Barcelona<\/title>\n  <link rel=\"stylesheet\" href=\"https:\/\/cdnjs.cloudflare.com\/ajax\/libs\/font-awesome\/6.4.0\/css\/all.min.css\">\n  <style>\n   :root {\n  --gold: #bfa25a;\n  --dark: #222;\n  --light: #fff;\n  --gray: #f6f6f6;\n  --text: #333;\n  font-family: 'Poppins', sans-serif;\n}\n\n* { margin: 0; padding: 0; box-sizing: border-box; }\nbody { color: var(--text); background-color: var(--light); }\n\n\/* HEADER *\/\nheader {\n  display: flex;\n  justify-content: space-between;\n  align-items: center;\n  padding: 8px 40px;\n  background-color: var(--light);\n  box-shadow: 0 2px 10px rgba(0,0,0,0.05);\n  top: 0;\n  z-index: 1000;\n}\nheader img {\n  height: 170px !important;\n  width: auto !important;\n  object-fit: contain;\n}\nnav ul {\n  list-style: none;\n  display: flex;\n  gap: 25px;\n  align-items: center;\n}\nnav a {\n  text-decoration: none;\n  color: var(--dark);\n  font-weight: 700;\n  transition: color 0.3s;\n  font-size: 0.96rem;\n}\nnav a:hover { color: var(--gold); }\n.contact-btn {\n  background: var(--gold);\n  color: white;\n  padding: 6px 14px;\n  border-radius: 8px;\n  font-weight: 600;\n  text-decoration: none;\n  font-size: 0.99rem;\n}\n\n\/* HERO *\/\n.hero {\n  position: relative;\n  background: url('https:\/\/gamcaravaning.com\/wp-content\/uploads\/2025\/11\/gam-fondo.png') center\/cover no-repeat;\n  height: 90vh;\n  display: flex;\n  justify-content: center;\n  align-items: center;\n  text-align: center;\n  color: white;\n}\n.hero::after {\n  content: \"\";\n  position: absolute;\n  inset: 0;\n  background: rgba(0,0,0,0.4);\n}\n.hero-content {\n  position: relative;\n  z-index: 1;\n  max-width: 700px;\n}\n.hero h1 {\n  font-size: 2.2rem;\n  font-weight: 700;\n  margin-bottom: 20px;\n  line-height: 1.3;\n}\n.hero a {\n  background: var(--gold);\n  color: white;\n  text-decoration: none;\n  padding: 12px 30px;\n  border-radius: 8px;\n  font-weight: 500;\n  transition: background 0.3s;\n}\n.hero a:hover { background: #a68b46; }\n\n\/* SERVICIOS *\/\n.services {\n  text-align: center;\n  padding: 80px 20px;\n  background: var(--light);\n}\n.services h2 {\n  font-size: 1.8rem;\n  margin-bottom: 50px;\n  font-weight: 700;\n}\n.service-grid {\n  display: grid;\n  grid-template-columns: repeat(auto-fit, minmax(200px, 1fr));\n  gap: 40px;\n  max-width: 1000px;\n  margin: 0 auto;\n}\n.service-item {\n  text-align: center;\n  background: var(--gray);\n  padding: 30px 20px;\n  border-radius: 16px;\n  transition: transform 0.3s;\n}\n.service-item:hover { transform: translateY(-5px); }\n.service-item i {\n  font-size: 32px;\n  color: var(--gold);\n  margin-bottom: 15px;\n}\n.service-item p {\n  font-weight: 500;\n  font-size: 0.95rem;\n}\n\n    \/* SOBRE NOSOTROS *\/\n    .about {\n      display: flex;\n      flex-wrap: wrap;\n      justify-content: center;\n      align-items: center;\n      padding: 80px 20px;\n      gap: 40px;\n      max-width: 1200px;\n      margin: 0 auto;\n      background-color: #faf5ef; \/* tono dorado suave *\/\n      border-radius: 12px;\n    }\n    .about-text {\n      flex: 1 1 400px;\n    }\n    .about-text h2 {\n      font-size: 1.8rem;\n      margin-bottom: 20px;\n      font-weight: 700;\n    }\n    .about-text p {\n      line-height: 1.6;\n      font-size: 1rem;\n    }\n    .about-map {\n      flex: 1 1 400px;\n      border-radius: 16px;\n      overflow: hidden;\n      height: 250px;\n    }\n    .about-map iframe {\n      width: 100%;\n      height: 100%;\n      border: 0;\n    }\n\n\/* CONTACTO *\/\n.contact {\n  background: var(--gray);\n  text-align: center;\n  padding: 60px 20px;\n}\n.contact h2 {\n  font-size: 1.6rem;\n  margin-bottom: 30px;\n}\n.contact-info {\n  display: flex;\n  flex-direction: column;\n  align-items: center;\n  gap: 10px;\n  font-size: 1rem;\n}\n.contact-info i {\n  color: var(--gold);\n  margin-right: 8px;\n}\n.whatsapp {\n  display: inline-block;\n  background: var(--gold);\n  color: white;\n  text-decoration: none;\n  padding: 10px 25px;\n  border-radius: 8px;\n  margin-top: 15px;\n  font-weight: 600;\n}\n\n\/* FOOTER *\/\nfooter {\n  background: var(--dark);\n  color: white;\n  text-align: center;\n  padding: 20px;\n  font-size: 0.9rem;\n}\n\n\/* \ud83e\uddf1 Elimina espacio blanco superior en Twenty Twenty-Five *\/\nbody,\nmain,\n.wp-site-blocks,\n.wp-block-group,\n.wp-block-template-part,\nheader,\n.site-header {\n  margin-top: 0 !important;\n  padding-top: 0 !important;\n}\nheader.wp-block-template-part,\n.wp-site-blocks,\n.wp-block-group:first-of-type {\n  margin-top: 0 !important;\n  padding-top: 0 !important;\n}\n\n\/* \ud83d\udcf1 RESPONSIVE *\/\n@media (max-width: 768px) {\n  header {\n    flex-direction: column;\n    align-items: center;\n    justify-content: center;\n    text-align: center;\n    padding: 10px 15px;\n    gap: 6px;\n  }\n  header img {\n    height: 38px !important;\n    margin-bottom: 6px;\n  }\n  nav ul {\n    flex-wrap: wrap;\n    justify-content: center;\n    gap: 10px;\n    margin: 0;\n  }\n  nav a { font-size: 0.85rem; }\n  .contact-btn {\n    padding: 5px 10px;\n    font-size: 0.85rem;\n  }\n\n  .hero { height: 55vh; }\n  .hero h1 { font-size: 1.3rem; padding: 0 10px; }\n\n  .services { padding: 40px 10px; }\n  .service-grid { gap: 15px; grid-template-columns: 1fr 1fr; }\n\n  .about {\n    flex-direction: column;\n    padding: 50px 15px;\n    gap: 20px;\n  }\n  .about-img {\n    width: 100%;\n    height: 200px;\n    border-radius: 10px;\n  }\n}\n\n\/* Ajuste pantallas peque\u00f1as *\/\n@media (max-width: 420px) {\n  .service-grid { grid-template-columns: 1fr; }\n  .hero { height: 50vh; }\n  .hero h1 { font-size: 1.1rem; }\n}\n\n  <\/style>\n<\/head>\n<body>\n\n  <!-- HEADER -->\n  <header>\n    <img decoding=\"async\" src=\"https:\/\/gamcaravaning.com\/wp-content\/uploads\/2025\/11\/gam-logo.png\" alt=\"Gam Caravaning Logo\">\n    <nav>\n      <ul>\n        <li><a href=\"#inicio\">Inicio<\/a><\/li>\n        <li><a href=\"#servicios\">Servicios<\/a><\/li>\n        <li><a href=\"https:\/\/www.autocaravanasokar.com\/\" target=\"_blank\">Alquiler de autocaravanas<\/a><\/li>\n        <li><a href=\"#sobre-nosotros\">Sobre nosotros<\/a><\/li>\n        <li><a href=\"#contacto\">Contacto<\/a><\/li>\n        <li><a href=\"tel:936790648\" class=\"contact-btn\">93 679 06 48<\/a><\/li>\n      <\/ul>\n    <\/nav>\n  <\/header>\n\n  <!-- HERO -->\n  <section class=\"hero\" id=\"inicio\">\n    <div class=\"hero-content\">\n      <h1>Taller especializado en autocaravanas, caravanas y campers en Barcelona<\/h1>\n      <a href=\"https:\/\/wa.me\/34722549357\" target=\"_blank\">Pide tu presupuesto<\/a>\n    <\/div>\n  <\/section>\n\n  <!-- SERVICIOS -->\n  <section class=\"services\" id=\"servicios\">\n    <h2>Nuestros servicios<\/h2>\n    <div class=\"service-grid\">\n      <div class=\"service-item\"><i class=\"fa-solid fa-screwdriver-wrench\"><\/i><p>Reparaci\u00f3n integral<\/p><\/div>\n      <div class=\"service-item\"><i class=\"fa-solid fa-toolbox\"><\/i><p>Venta y montaje de accesorios y recambios<\/p><\/div>\n      <div class=\"service-item\"><i class=\"fa-solid fa-car-burst\"><\/i><p>Reparaciones de piezas de pl\u00e1sticos, faldones y parachoques<\/p><\/div>\n      <div class=\"service-item\"><i class=\"fa-solid fa-fire\"><\/i><p>Reparaci\u00f3n de calefacciones (Thetford - Webasto)<\/p><\/div>\n      <div class=\"service-item\"><i class=\"fa-solid fa-snowflake\"><\/i><p>Reparaci\u00f3n de neveras (Dometic - Thetford)<\/p><\/div>\n      <div class=\"service-item\"><i class=\"fa-solid fa-spray-can-sparkles\"><\/i><p>Plancha y pintura<\/p><\/div>\n      <div class=\"service-item\"><i class=\"fa-solid fa-car-crash\"><\/i><p>Siniestros (Tramitamos y reparamos)<\/p><\/div>\n      <div class=\"service-item\"><i class=\"fa-solid fa-file-shield\"><\/i><p>Seguros (Asesoramiento y gesti\u00f3n)<\/p><\/div>\n      <div class=\"service-item\"><i class=\"fa-solid fa-fire-burner\"><\/i><p>Certificaci\u00f3n instalaci\u00f3n de gas<\/p><\/div>\n      <div class=\"service-item\"><i class=\"fa-solid fa-oil-can\"><\/i><p>Mec\u00e1nica ligera (aceite, filtros y frenos)<\/p><\/div>\n    <\/div>\n  <\/section>\n\n  <!-- SOBRE NOSOTROS -->\n  <section class=\"about\" id=\"sobre-nosotros\">\n    <div class=\"about-text\">\n      <h2>Sobre nosotros<\/h2>\n      <p>\n        En Gam Caravaning somos especialistas en el mantenimiento, reparaci\u00f3n y mejora de autocaravanas, caravanas y campers.<br> \n        Con a\u00f1os de experiencia en el sector, ofrecemos soluciones completas y personalizadas para que disfrutes de tu veh\u00edculo \n        con total confianza. Nuestro objetivo es garantizar la seguridad, el confort y el m\u00e1ximo rendimiento de tu caravana o camper.\n      <\/p>\n    <\/div>\n    <div class=\"about-map\">\n      <iframe \n        src=\"https:\/\/www.google.com\/maps?q=Gam+Caravaning,+Autov\u00eda+de+Castelldefels,+km+191.5,+08820,+Barcelona&output=embed\"\n        allowfullscreen=\"\"\n        loading=\"lazy\">\n      <\/iframe>\n    <\/div>\n  <\/section>\n\n  <!-- CONTACTO -->\n  <section class=\"contact\" id=\"contacto\">\n    <h2>Contacto<\/h2>\n    <div class=\"contact-info\">\n      <p><i class=\"fa-solid fa-location-dot\"><\/i> Autov\u00eda de Castelldefels, km 191.5, 08820, Barcelona<\/p>\n      <p><i class=\"fa-solid fa-phone\"><\/i> Tel\u00e9fono fijo: <strong>93 679 06 48<\/strong><\/p>\n      <p><i class=\"fa-brands fa-whatsapp\"><\/i> WhatsApp: <strong>722 54 93 57<\/strong><\/p>\n      <p><i class=\"fa-solid fa-envelope\"><\/i> Email: <a href=\"mailto:info@gamcaravaning.com\">info@gamcaravaning.com<\/a><\/p>\n      <a href=\"https:\/\/wa.me\/34722549357\" target=\"_blank\" class=\"whatsapp\"><i class=\"fa-brands fa-whatsapp\"><\/i> Cont\u00e1ctanos por WhatsApp<\/a>\n    <\/div>\n  <\/section>\n\n  <!-- FOOTER -->\n  <footer>\n    \u00a9 2025 Gam Caravaning. Todos los derechos reservados.\n  <\/footer>\n\n<\/body>\n<\/html>\n\t\t\t\t<\/div>\n\t\t\t\t\t<\/div>\n\t\t\t\t<\/div>\n\t\t\t\t<\/div>\n\t\t","protected":false},"excerpt":{"rendered":"<p>Gam Caravaning \u2013 Taller de Autocaravanas en Barcelona Inicio Servicios Alquiler de autocaravanas Sobre nosotros Contacto 93 679 06 48 Taller especializado en autocaravanas, caravanas y campers en Barcelona Pide tu presupuesto Nuestros servicios Reparaci\u00f3n integral Venta y montaje de accesorios y recambios Reparaciones de piezas de pl\u00e1sticos, faldones y parachoques Reparaci\u00f3n de calefacciones (Thetford [&hellip;]<\/p>\n","protected":false},"author":1,"featured_media":0,"parent":0,"menu_order":0,"comment_status":"closed","ping_status":"closed","template":"","meta":{"footnotes":""},"class_list":["post-31","page","type-page","status-publish","hentry"],"yoast_head":"<!-- This site is optimized with the Yoast SEO plugin v27.1.1 - https:\/\/yoast.com\/product\/yoast-seo-wordpress\/ -->\n<title>- GAM Caravaning<\/title>\n<meta name=\"robots\" content=\"index, follow, max-snippet:-1, max-image-preview:large, max-video-preview:-1\" \/>\n<link rel=\"canonical\" href=\"https:\/\/gamcaravaning.com\/\" \/>\n<meta property=\"og:locale\" content=\"es_ES\" \/>\n<meta property=\"og:type\" content=\"article\" \/>\n<meta property=\"og:title\" content=\"- GAM Caravaning\" \/>\n<meta property=\"og:description\" content=\"Gam Caravaning \u2013 Taller de Autocaravanas en Barcelona Inicio Servicios Alquiler de autocaravanas Sobre nosotros Contacto 93 679 06 48 Taller especializado en autocaravanas, caravanas y campers en Barcelona Pide tu presupuesto Nuestros servicios Reparaci\u00f3n integral Venta y montaje de accesorios y recambios Reparaciones de piezas de pl\u00e1sticos, faldones y parachoques Reparaci\u00f3n de calefacciones (Thetford [&hellip;]\" \/>\n<meta property=\"og:url\" content=\"https:\/\/gamcaravaning.com\/\" \/>\n<meta property=\"og:site_name\" content=\"GAM Caravaning\" \/>\n<meta property=\"article:modified_time\" content=\"2026-03-06T10:04:24+00:00\" \/>\n<meta property=\"og:image\" content=\"https:\/\/gamcaravaning.com\/wp-content\/uploads\/2025\/11\/gam-logo.png\" \/>\n<meta name=\"twitter:card\" content=\"summary_large_image\" \/>\n<meta name=\"twitter:label1\" content=\"Tiempo de lectura\" \/>\n\t<meta name=\"twitter:data1\" content=\"4 minutos\" \/>\n<script type=\"application\/ld+json\" class=\"yoast-schema-graph\">{\"@context\":\"https:\/\/schema.org\",\"@graph\":[{\"@type\":\"WebPage\",\"@id\":\"https:\/\/gamcaravaning.com\/\",\"url\":\"https:\/\/gamcaravaning.com\/\",\"name\":\"- GAM Caravaning\",\"isPartOf\":{\"@id\":\"https:\/\/gamcaravaning.com\/#website\"},\"primaryImageOfPage\":{\"@id\":\"https:\/\/gamcaravaning.com\/#primaryimage\"},\"image\":{\"@id\":\"https:\/\/gamcaravaning.com\/#primaryimage\"},\"thumbnailUrl\":\"https:\/\/gamcaravaning.com\/wp-content\/uploads\/2025\/11\/gam-logo.png\",\"datePublished\":\"2025-11-04T10:17:08+00:00\",\"dateModified\":\"2026-03-06T10:04:24+00:00\",\"inLanguage\":\"es\",\"potentialAction\":[{\"@type\":\"ReadAction\",\"target\":[\"https:\/\/gamcaravaning.com\/\"]}]},{\"@type\":\"ImageObject\",\"inLanguage\":\"es\",\"@id\":\"https:\/\/gamcaravaning.com\/#primaryimage\",\"url\":\"https:\/\/gamcaravaning.com\/wp-content\/uploads\/2025\/11\/gam-logo.png\",\"contentUrl\":\"https:\/\/gamcaravaning.com\/wp-content\/uploads\/2025\/11\/gam-logo.png\",\"width\":300,\"height\":300},{\"@type\":\"WebSite\",\"@id\":\"https:\/\/gamcaravaning.com\/#website\",\"url\":\"https:\/\/gamcaravaning.com\/\",\"name\":\"GAM Caravaning\",\"description\":\"\",\"potentialAction\":[{\"@type\":\"SearchAction\",\"target\":{\"@type\":\"EntryPoint\",\"urlTemplate\":\"https:\/\/gamcaravaning.com\/?s={search_term_string}\"},\"query-input\":{\"@type\":\"PropertyValueSpecification\",\"valueRequired\":true,\"valueName\":\"search_term_string\"}}],\"inLanguage\":\"es\"}]}<\/script>\n<!-- \/ Yoast SEO plugin. -->","yoast_head_json":{"title":"- GAM Caravaning","robots":{"index":"index","follow":"follow","max-snippet":"max-snippet:-1","max-image-preview":"max-image-preview:large","max-video-preview":"max-video-preview:-1"},"canonical":"https:\/\/gamcaravaning.com\/","og_locale":"es_ES","og_type":"article","og_title":"- GAM Caravaning","og_description":"Gam Caravaning \u2013 Taller de Autocaravanas en Barcelona Inicio Servicios Alquiler de autocaravanas Sobre nosotros Contacto 93 679 06 48 Taller especializado en autocaravanas, caravanas y campers en Barcelona Pide tu presupuesto Nuestros servicios Reparaci\u00f3n integral Venta y montaje de accesorios y recambios Reparaciones de piezas de pl\u00e1sticos, faldones y parachoques Reparaci\u00f3n de calefacciones (Thetford [&hellip;]","og_url":"https:\/\/gamcaravaning.com\/","og_site_name":"GAM Caravaning","article_modified_time":"2026-03-06T10:04:24+00:00","og_image":[{"url":"https:\/\/gamcaravaning.com\/wp-content\/uploads\/2025\/11\/gam-logo.png","type":"","width":"","height":""}],"twitter_card":"summary_large_image","twitter_misc":{"Tiempo de lectura":"4 minutos"},"schema":{"@context":"https:\/\/schema.org","@graph":[{"@type":"WebPage","@id":"https:\/\/gamcaravaning.com\/","url":"https:\/\/gamcaravaning.com\/","name":"- GAM Caravaning","isPartOf":{"@id":"https:\/\/gamcaravaning.com\/#website"},"primaryImageOfPage":{"@id":"https:\/\/gamcaravaning.com\/#primaryimage"},"image":{"@id":"https:\/\/gamcaravaning.com\/#primaryimage"},"thumbnailUrl":"https:\/\/gamcaravaning.com\/wp-content\/uploads\/2025\/11\/gam-logo.png","datePublished":"2025-11-04T10:17:08+00:00","dateModified":"2026-03-06T10:04:24+00:00","inLanguage":"es","potentialAction":[{"@type":"ReadAction","target":["https:\/\/gamcaravaning.com\/"]}]},{"@type":"ImageObject","inLanguage":"es","@id":"https:\/\/gamcaravaning.com\/#primaryimage","url":"https:\/\/gamcaravaning.com\/wp-content\/uploads\/2025\/11\/gam-logo.png","contentUrl":"https:\/\/gamcaravaning.com\/wp-content\/uploads\/2025\/11\/gam-logo.png","width":300,"height":300},{"@type":"WebSite","@id":"https:\/\/gamcaravaning.com\/#website","url":"https:\/\/gamcaravaning.com\/","name":"GAM Caravaning","description":"","potentialAction":[{"@type":"SearchAction","target":{"@type":"EntryPoint","urlTemplate":"https:\/\/gamcaravaning.com\/?s={search_term_string}"},"query-input":{"@type":"PropertyValueSpecification","valueRequired":true,"valueName":"search_term_string"}}],"inLanguage":"es"}]}},"_links":{"self":[{"href":"https:\/\/gamcaravaning.com\/index.php?rest_route=\/wp\/v2\/pages\/31","targetHints":{"allow":["GET"]}}],"collection":[{"href":"https:\/\/gamcaravaning.com\/index.php?rest_route=\/wp\/v2\/pages"}],"about":[{"href":"https:\/\/gamcaravaning.com\/index.php?rest_route=\/wp\/v2\/types\/page"}],"author":[{"embeddable":true,"href":"https:\/\/gamcaravaning.com\/index.php?rest_route=\/wp\/v2\/users\/1"}],"replies":[{"embeddable":true,"href":"https:\/\/gamcaravaning.com\/index.php?rest_route=%2Fwp%2Fv2%2Fcomments&post=31"}],"version-history":[{"count":56,"href":"https:\/\/gamcaravaning.com\/index.php?rest_route=\/wp\/v2\/pages\/31\/revisions"}],"predecessor-version":[{"id":100,"href":"https:\/\/gamcaravaning.com\/index.php?rest_route=\/wp\/v2\/pages\/31\/revisions\/100"}],"wp:attachment":[{"href":"https:\/\/gamcaravaning.com\/index.php?rest_route=%2Fwp%2Fv2%2Fmedia&parent=31"}],"curies":[{"name":"wp","href":"https:\/\/api.w.org\/{rel}","templated":true}]}}